{"id":35,"date":"2020-03-08T09:37:50","date_gmt":"2020-03-08T09:37:50","guid":{"rendered":"https:\/\/3devs.es\/empresas\/?page_id=35"},"modified":"2020-10-23T17:57:36","modified_gmt":"2020-10-23T15:57:36","slug":"contacto","status":"publish","type":"page","link":"https:\/\/www.atuelpasteleria.com\/empresas\/contacto\/","title":{"rendered":"CONTACTO"},"content":{"rendered":"<p>[vc_row content_layout=\u00bbboxed\u00bb equal_height=\u00bb\u00bb animation_delay=\u00bb\u00bb disable=\u00bb\u00bb id=\u00bb\u00bb class=\u00bb\u00bb bg_type=\u00bbimage\u00bb bg_image=\u00bb\u00bb color_overlay=\u00bb\u00bb enable_parallax=\u00bb\u00bb enable_pattern=\u00bb\u00bb css=\u00bb.vc_custom_1583234211122{margin-top: 30px !important;margin-bottom: 50px !important;}\u00bb][vc_column layout=\u00bbnormal\u00bb vertical_align=\u00bbauto\u00bb animation_delay=\u00bb\u00bb width=\u00bb2\/3&#8243; css=\u00bb.vc_custom_1583234150335{padding-right: 20px !important;}\u00bb][vc_column_text]<\/p>\n<h3>D\u00c9JANOS UN MENSAJE<\/h3>\n<div id=\"gtx-trans\" style=\"position: absolute; left: 63px; top: -6.28125px;\">\n<div class=\"gtx-trans-icon\"><\/div>\n<\/div>\n<p>[\/vc_column_text]\t\t<div class=\"vu_contact-form-7 vu_cf7-style-default clearfix \">\r\n\t\t\t\r\n\t\t\t\n<div class=\"wpcf7 no-js\" id=\"wpcf7-f17-o1\" lang=\"es-ES\" dir=\"ltr\">\n<div class=\"screen-reader-response\"><p role=\"status\" aria-live=\"polite\" aria-atomic=\"true\"><\/p> <ul><\/ul><\/div>\n<form action=\"\/empresas\/wp-json\/wp\/v2\/pages\/35#wpcf7-f17-o1\" method=\"post\" class=\"wpcf7-form init vu_cf7-frm\" aria-label=\"Formulario de contacto\" novalidate=\"novalidate\" data-status=\"init\">\n<div style=\"display: none;\">\n<input type=\"hidden\" name=\"_wpcf7\" value=\"17\" \/>\n<input type=\"hidden\" name=\"_wpcf7_version\" value=\"5.7.3\" \/>\n<input type=\"hidden\" name=\"_wpcf7_locale\" value=\"es_ES\" \/>\n<input type=\"hidden\" name=\"_wpcf7_unit_tag\" value=\"wpcf7-f17-o1\" \/>\n<input type=\"hidden\" name=\"_wpcf7_container_post\" value=\"0\" \/>\n<input type=\"hidden\" name=\"_wpcf7_posted_data_hash\" value=\"\" \/>\n<\/div>\n<div class=\"row\">\n\t<div class=\"col-xs-6 m-b-15\">\n\t\t<p><span class=\"wpcf7-form-control-wrap\" data-name=\"your-name\"><input size=\"40\" class=\"wpcf7-form-control wpcf7-text wpcf7-validates-as-required form-control m-b-5\" aria-required=\"true\" aria-invalid=\"false\" placeholder=\"Nombre\" value=\"\" type=\"text\" name=\"your-name\" \/><\/span>\n\t\t<\/p>\n\t<\/div>\n\t<div class=\"col-xs-6 m-b-15\">\n\t\t<p><span class=\"wpcf7-form-control-wrap\" data-name=\"your-surname\"><input size=\"40\" class=\"wpcf7-form-control wpcf7-text wpcf7-validates-as-required form-control m-b-5\" aria-required=\"true\" aria-invalid=\"false\" placeholder=\"Apellidos\" value=\"\" type=\"text\" name=\"your-surname\" \/><\/span>\n\t\t<\/p>\n\t<\/div>\n<\/div>\n<div class=\"row\">\n\t<div class=\"col-xs-6 m-b-15\">\n\t\t<p><span class=\"wpcf7-form-control-wrap\" data-name=\"telefono\"><input size=\"40\" class=\"wpcf7-form-control wpcf7-text wpcf7-tel wpcf7-validates-as-required wpcf7-validates-as-tel form-control m-b-5\" aria-required=\"true\" aria-invalid=\"false\" placeholder=\"Tel\u00e9fono\" value=\"\" type=\"tel\" name=\"telefono\" \/><\/span>\n\t\t<\/p>\n\t<\/div>\n\t<div class=\"col-xs-6 m-b-15\">\n\t\t<p><span class=\"wpcf7-form-control-wrap\" data-name=\"your-email\"><input size=\"40\" class=\"wpcf7-form-control wpcf7-text wpcf7-email wpcf7-validates-as-required wpcf7-validates-as-email form-control m-b-5\" aria-required=\"true\" aria-invalid=\"false\" placeholder=\"Email\" value=\"\" type=\"email\" name=\"your-email\" \/><\/span>\n\t\t<\/p>\n\t<\/div>\n<\/div>\n<div class=\"row\">\n\t<div class=\"col-xs-12 m-b-15\">\n\t\t<p><span class=\"wpcf7-form-control-wrap\" data-name=\"your-subject\"><input size=\"40\" class=\"wpcf7-form-control wpcf7-text wpcf7-validates-as-required form-control m-b-5\" aria-required=\"true\" aria-invalid=\"false\" placeholder=\"Asunto\" value=\"\" type=\"text\" name=\"your-subject\" \/><\/span>\n\t\t<\/p>\n\t<\/div>\n<\/div>\n<div class=\"row\">\n\t<div class=\"col-xs-12 m-b-15\">\n\t\t<p><span class=\"wpcf7-form-control-wrap\" data-name=\"your-message\"><textarea cols=\"40\" rows=\"10\" class=\"wpcf7-form-control wpcf7-textarea wpcf7-validates-as-required form-control m-b-5\" aria-required=\"true\" aria-invalid=\"false\" placeholder=\"Escribe aqu\u00ed tu mensaje\" name=\"your-message\"><\/textarea><\/span>\n\t\t<\/p>\n\t<\/div>\n<\/div>\n<p><span class=\"wpcf7-form-control-wrap\" data-name=\"acceptance-224\"><span class=\"wpcf7-form-control wpcf7-acceptance\"><span class=\"wpcf7-list-item\"><label><input type=\"checkbox\" name=\"acceptance-224\" value=\"1\" aria-invalid=\"false\" \/><span class=\"wpcf7-list-item-label\">He le\u00eddo y acepto la <a href=\"https:\/\/www.atuelpasteleria.com\/empresas\/politica-de-privacidad\/\"><strong>Pol\u00edtica de privacidad *<\/strong><\/a><\/span><\/label><\/span><\/span><\/span>\n<\/p>\n<div class=\"button-brown\">\n\t<p><i class=\"fa fa-send\"><input class=\"wpcf7-form-control has-spinner wpcf7-submit\" type=\"submit\" value=\"Enviar\" \/><\/i>\n\t<\/p>\n<\/div><div class=\"wpcf7-response-output\" aria-hidden=\"true\"><\/div>\n<\/form>\n<\/div>\n\t\t<\/div>\r\n\t[\/vc_column][vc_column layout=\u00bbnormal\u00bb vertical_align=\u00bbauto\u00bb animation_delay=\u00bb\u00bb width=\u00bb1\/3&#8243;][vc_column_text]<\/p>\n<h3>C\u00f3mo contactar con ATUEL<\/h3>\n<p>Ll\u00e1manos al tel\u00e9fono <strong>916 798 260<\/strong>\u00a0\u2013 Horario de atenci\u00f3n: de lunes a viernes: de 9:30 h a 19:00h.<\/p>\n<p>M\u00e1ndanos un correo electr\u00f3nico a la direcci\u00f3n <strong>contacto@atuelpasteleria.com<\/strong><\/p>\n<p>Y tambi\u00e9n puedes rellenar nuestro formulario online y enviar un mensaje a nuestro equipo de atenci\u00f3n al cliente. Trataremos de responder a tu mensaje lo antes posible.[\/vc_column_text][\/vc_column][\/vc_row]<\/p>\n","protected":false},"excerpt":{"rendered":"<p>[vc_row content_layout=\u00bbboxed\u00bb equal_height=\u00bb\u00bb animation_delay=\u00bb\u00bb disable=\u00bb\u00bb id=\u00bb\u00bb class=\u00bb\u00bb bg_type=\u00bbimage\u00bb bg_image=\u00bb\u00bb color_overlay=\u00bb\u00bb enable_parallax=\u00bb\u00bb enable_pattern=\u00bb\u00bb css=\u00bb.vc_custom_1583234211122{margin-top: 30px !important;margin-bottom: 50px !important;}\u00bb][vc_column layout=\u00bbnormal\u00bb vertical_align=\u00bbauto\u00bb animation_delay=\u00bb\u00bb width=\u00bb2\/3&#8243; css=\u00bb.vc_custom_1583234150335{padding-right: 20px !important;}\u00bb][vc_column_text] D\u00c9JANOS UN MENSAJE [\/vc_column_text][\/vc_column][vc_column layout=\u00bbnormal\u00bb vertical_align=\u00bbauto\u00bb animation_delay=\u00bb\u00bb width=\u00bb1\/3&#8243;][vc_column_text] C\u00f3mo contactar con ATUEL Ll\u00e1manos al tel\u00e9fono 916 798 260\u00a0\u2013 Horario de atenci\u00f3n: de lunes a viernes: de 9:30 h a 19:00h. M\u00e1ndanos [&hellip;]<\/p>\n","protected":false},"author":1,"featured_media":0,"parent":0,"menu_order":0,"comment_status":"closed","ping_status":"closed","template":"","meta":[],"yoast_head":"<!-- This site is optimized with the Yoast SEO plugin v20.0 - https:\/\/yoast.com\/wordpress\/plugins\/seo\/ -->\n<title>Contacta con nosotros - Pasteler\u00eda Atuel Empresas<\/title>\n<meta name=\"robots\" content=\"index, follow, max-snippet:-1, max-image-preview:large, max-video-preview:-1\" \/>\n<link rel=\"canonical\" href=\"https:\/\/www.atuelpasteleria.com\/empresas\/contacto\/\" \/>\n<meta property=\"og:locale\" content=\"es_ES\" \/>\n<meta property=\"og:type\" content=\"article\" \/>\n<meta property=\"og:title\" content=\"Contacta con nosotros - Pasteler\u00eda Atuel Empresas\" \/>\n<meta property=\"og:description\" content=\"[vc_row content_layout=\u00bbboxed\u00bb equal_height=\u00bb\u00bb animation_delay=\u00bb\u00bb disable=\u00bb\u00bb id=\u00bb\u00bb class=\u00bb\u00bb bg_type=\u00bbimage\u00bb bg_image=\u00bb\u00bb color_overlay=\u00bb\u00bb enable_parallax=\u00bb\u00bb enable_pattern=\u00bb\u00bb css=\u00bb.vc_custom_1583234211122{margin-top: 30px !important;margin-bottom: 50px !important;}\u00bb][vc_column layout=\u00bbnormal\u00bb vertical_align=\u00bbauto\u00bb animation_delay=\u00bb\u00bb width=\u00bb2\/3&#8243; css=\u00bb.vc_custom_1583234150335{padding-right: 20px !important;}\u00bb][vc_column_text] D\u00c9JANOS UN MENSAJE [\/vc_column_text][\/vc_column][vc_column layout=\u00bbnormal\u00bb vertical_align=\u00bbauto\u00bb animation_delay=\u00bb\u00bb width=\u00bb1\/3&#8243;][vc_column_text] C\u00f3mo contactar con ATUEL Ll\u00e1manos al tel\u00e9fono 916 798 260\u00a0\u2013 Horario de atenci\u00f3n: de lunes a viernes: de 9:30 h a 19:00h. M\u00e1ndanos [&hellip;]\" \/>\n<meta property=\"og:url\" content=\"https:\/\/www.atuelpasteleria.com\/empresas\/contacto\/\" \/>\n<meta property=\"og:site_name\" content=\"Pasteler\u00eda Atuel Empresas\" \/>\n<meta property=\"article:modified_time\" content=\"2020-10-23T15:57:36+00:00\" \/>\n<meta name=\"twitter:card\" content=\"summary_large_image\" \/>\n<meta name=\"twitter:label1\" content=\"Tiempo de lectura\" \/>\n\t<meta name=\"twitter:data1\" content=\"1 minuto\" \/>\n<script type=\"application\/ld+json\" class=\"yoast-schema-graph\">{\"@context\":\"https:\/\/schema.org\",\"@graph\":[{\"@type\":\"WebPage\",\"@id\":\"https:\/\/www.atuelpasteleria.com\/empresas\/contacto\/\",\"url\":\"https:\/\/www.atuelpasteleria.com\/empresas\/contacto\/\",\"name\":\"Contacta con nosotros - Pasteler\u00eda Atuel Empresas\",\"isPartOf\":{\"@id\":\"https:\/\/www.atuelpasteleria.com\/empresas\/#website\"},\"datePublished\":\"2020-03-08T09:37:50+00:00\",\"dateModified\":\"2020-10-23T15:57:36+00:00\",\"breadcrumb\":{\"@id\":\"https:\/\/www.atuelpasteleria.com\/empresas\/contacto\/#breadcrumb\"},\"inLanguage\":\"es\",\"potentialAction\":[{\"@type\":\"ReadAction\",\"target\":[\"https:\/\/www.atuelpasteleria.com\/empresas\/contacto\/\"]}]},{\"@type\":\"BreadcrumbList\",\"@id\":\"https:\/\/www.atuelpasteleria.com\/empresas\/contacto\/#breadcrumb\",\"itemListElement\":[{\"@type\":\"ListItem\",\"position\":1,\"name\":\"Portada\",\"item\":\"https:\/\/www.atuelpasteleria.com\/empresas\/\"},{\"@type\":\"ListItem\",\"position\":2,\"name\":\"CONTACTO\"}]},{\"@type\":\"WebSite\",\"@id\":\"https:\/\/www.atuelpasteleria.com\/empresas\/#website\",\"url\":\"https:\/\/www.atuelpasteleria.com\/empresas\/\",\"name\":\"Pasteler\u00eda Atuel Empresas\",\"description\":\"\",\"potentialAction\":[{\"@type\":\"SearchAction\",\"target\":{\"@type\":\"EntryPoint\",\"urlTemplate\":\"https:\/\/www.atuelpasteleria.com\/empresas\/?s={search_term_string}\"},\"query-input\":\"required name=search_term_string\"}],\"inLanguage\":\"es\"}]}<\/script>\n<!-- \/ Yoast SEO plugin. -->","yoast_head_json":{"title":"Contacta con nosotros - Pasteler\u00eda Atuel Empresas","robots":{"index":"index","follow":"follow","max-snippet":"max-snippet:-1","max-image-preview":"max-image-preview:large","max-video-preview":"max-video-preview:-1"},"canonical":"https:\/\/www.atuelpasteleria.com\/empresas\/contacto\/","og_locale":"es_ES","og_type":"article","og_title":"Contacta con nosotros - Pasteler\u00eda Atuel Empresas","og_description":"[vc_row content_layout=\u00bbboxed\u00bb equal_height=\u00bb\u00bb animation_delay=\u00bb\u00bb disable=\u00bb\u00bb id=\u00bb\u00bb class=\u00bb\u00bb bg_type=\u00bbimage\u00bb bg_image=\u00bb\u00bb color_overlay=\u00bb\u00bb enable_parallax=\u00bb\u00bb enable_pattern=\u00bb\u00bb css=\u00bb.vc_custom_1583234211122{margin-top: 30px !important;margin-bottom: 50px !important;}\u00bb][vc_column layout=\u00bbnormal\u00bb vertical_align=\u00bbauto\u00bb animation_delay=\u00bb\u00bb width=\u00bb2\/3&#8243; css=\u00bb.vc_custom_1583234150335{padding-right: 20px !important;}\u00bb][vc_column_text] D\u00c9JANOS UN MENSAJE [\/vc_column_text][\/vc_column][vc_column layout=\u00bbnormal\u00bb vertical_align=\u00bbauto\u00bb animation_delay=\u00bb\u00bb width=\u00bb1\/3&#8243;][vc_column_text] C\u00f3mo contactar con ATUEL Ll\u00e1manos al tel\u00e9fono 916 798 260\u00a0\u2013 Horario de atenci\u00f3n: de lunes a viernes: de 9:30 h a 19:00h. M\u00e1ndanos [&hellip;]","og_url":"https:\/\/www.atuelpasteleria.com\/empresas\/contacto\/","og_site_name":"Pasteler\u00eda Atuel Empresas","article_modified_time":"2020-10-23T15:57:36+00:00","twitter_card":"summary_large_image","twitter_misc":{"Tiempo de lectura":"1 minuto"},"schema":{"@context":"https:\/\/schema.org","@graph":[{"@type":"WebPage","@id":"https:\/\/www.atuelpasteleria.com\/empresas\/contacto\/","url":"https:\/\/www.atuelpasteleria.com\/empresas\/contacto\/","name":"Contacta con nosotros - Pasteler\u00eda Atuel Empresas","isPartOf":{"@id":"https:\/\/www.atuelpasteleria.com\/empresas\/#website"},"datePublished":"2020-03-08T09:37:50+00:00","dateModified":"2020-10-23T15:57:36+00:00","breadcrumb":{"@id":"https:\/\/www.atuelpasteleria.com\/empresas\/contacto\/#breadcrumb"},"inLanguage":"es","potentialAction":[{"@type":"ReadAction","target":["https:\/\/www.atuelpasteleria.com\/empresas\/contacto\/"]}]},{"@type":"BreadcrumbList","@id":"https:\/\/www.atuelpasteleria.com\/empresas\/contacto\/#breadcrumb","itemListElement":[{"@type":"ListItem","position":1,"name":"Portada","item":"https:\/\/www.atuelpasteleria.com\/empresas\/"},{"@type":"ListItem","position":2,"name":"CONTACTO"}]},{"@type":"WebSite","@id":"https:\/\/www.atuelpasteleria.com\/empresas\/#website","url":"https:\/\/www.atuelpasteleria.com\/empresas\/","name":"Pasteler\u00eda Atuel Empresas","description":"","potentialAction":[{"@type":"SearchAction","target":{"@type":"EntryPoint","urlTemplate":"https:\/\/www.atuelpasteleria.com\/empresas\/?s={search_term_string}"},"query-input":"required name=search_term_string"}],"inLanguage":"es"}]}},"_links":{"self":[{"href":"https:\/\/www.atuelpasteleria.com\/empresas\/wp-json\/wp\/v2\/pages\/35"}],"collection":[{"href":"https:\/\/www.atuelpasteleria.com\/empresas\/wp-json\/wp\/v2\/pages"}],"about":[{"href":"https:\/\/www.atuelpasteleria.com\/empresas\/wp-json\/wp\/v2\/types\/page"}],"author":[{"embeddable":true,"href":"https:\/\/www.atuelpasteleria.com\/empresas\/wp-json\/wp\/v2\/users\/1"}],"replies":[{"embeddable":true,"href":"https:\/\/www.atuelpasteleria.com\/empresas\/wp-json\/wp\/v2\/comments?post=35"}],"version-history":[{"count":5,"href":"https:\/\/www.atuelpasteleria.com\/empresas\/wp-json\/wp\/v2\/pages\/35\/revisions"}],"predecessor-version":[{"id":984,"href":"https:\/\/www.atuelpasteleria.com\/empresas\/wp-json\/wp\/v2\/pages\/35\/revisions\/984"}],"wp:attachment":[{"href":"https:\/\/www.atuelpasteleria.com\/empresas\/wp-json\/wp\/v2\/media?parent=35"}],"curies":[{"name":"wp","href":"https:\/\/api.w.org\/{rel}","templated":true}]}}