{"id":317,"date":"2020-03-14T20:08:59","date_gmt":"2020-03-14T20:08:59","guid":{"rendered":"https:\/\/3devs.es\/empresas\/?post_type=product&#038;p=317"},"modified":"2024-10-22T11:13:36","modified_gmt":"2024-10-22T10:13:36","slug":"bandeja-de-bolleria-55-unidades","status":"publish","type":"product","link":"https:\/\/www.atuelpasteleria.com\/empresas\/producto\/bandeja-de-bolleria-55-unidades\/","title":{"rendered":"BANDEJA DE BOLLER\u00cdA (55 unidades)"},"content":{"rendered":"<p>Disfruta de nuestra boller\u00eda con esta bandeja cuidadosamente seleccionada por nuestro maestro pastelero. Incluye medialunas de mantequilla y porte\u00f1as, nuestros deliciosos vigilantes, medialunas rellenas de crema, chocolate y dulce de leche y un surtido de bollos. La mejor boller\u00eda elaborada diariamente en nuestro obrador disponible en su oficina.<\/p>\n<p>Boller\u00eda: medialunas de mantequilla, porte\u00f1as y vigilantes.<\/p>\n<p>Boller\u00eda rellena: medialunas de crema, chocolate y dulce de leche.<\/p>\n<p>Bollos surtidos de crema pastelera, membrillo o dulce de leche.<\/p>\n<p><b>Cantidad: 55 unidades en total por bandeja.<\/b><\/p>\n","protected":false},"excerpt":{"rendered":"<p>Disfruta de nuestra boller\u00eda con esta bandeja cuidadosamente seleccionada por nuestro maestro pastelero. Incluye medialunas de mantequilla y porte\u00f1as, nuestros deliciosos vigilantes, medialunas rellenas de crema, chocolate y dulce de leche y un surtido de bollos. La mejor boller\u00eda elaborada diariamente en nuestro obrador disponible en su oficina. Boller\u00eda: medialunas de mantequilla, porte\u00f1as y vigilantes. [&hellip;]<\/p>\n","protected":false},"featured_media":318,"template":"","meta":[],"product_cat":[20],"product_tag":[],"yoast_head":"<!-- This site is optimized with the Yoast SEO plugin v20.0 - https:\/\/yoast.com\/wordpress\/plugins\/seo\/ -->\n<title>BANDEJA DE BOLLER\u00cdA (55 unidades) - Pasteler\u00eda Atuel Empresas<\/title>\n<meta name=\"robots\" content=\"index, follow, max-snippet:-1, max-image-preview:large, max-video-preview:-1\" \/>\n<link rel=\"canonical\" href=\"https:\/\/www.atuelpasteleria.com\/empresas\/producto\/bandeja-de-bolleria-55-unidades\/\" \/>\n<meta property=\"og:locale\" content=\"es_ES\" \/>\n<meta property=\"og:type\" content=\"article\" \/>\n<meta property=\"og:title\" content=\"BANDEJA DE BOLLER\u00cdA (55 unidades) - Pasteler\u00eda Atuel Empresas\" \/>\n<meta property=\"og:description\" content=\"Disfruta de nuestra boller\u00eda con esta bandeja cuidadosamente seleccionada por nuestro maestro pastelero. Incluye medialunas de mantequilla y porte\u00f1as, nuestros deliciosos vigilantes, medialunas rellenas de crema, chocolate y dulce de leche y un surtido de bollos. La mejor boller\u00eda elaborada diariamente en nuestro obrador disponible en su oficina. Boller\u00eda: medialunas de mantequilla, porte\u00f1as y vigilantes. [&hellip;]\" \/>\n<meta property=\"og:url\" content=\"https:\/\/www.atuelpasteleria.com\/empresas\/producto\/bandeja-de-bolleria-55-unidades\/\" \/>\n<meta property=\"og:site_name\" content=\"Pasteler\u00eda Atuel Empresas\" \/>\n<meta property=\"article:modified_time\" content=\"2024-10-22T10:13:36+00:00\" \/>\n<meta property=\"og:image\" content=\"https:\/\/www.atuelpasteleria.com\/empresas\/wp-content\/uploads\/2020\/03\/bandeja-bolleria-main-m.jpg\" \/>\n\t<meta property=\"og:image:width\" content=\"1920\" \/>\n\t<meta property=\"og:image:height\" content=\"1280\" \/>\n\t<meta property=\"og:image:type\" content=\"image\/jpeg\" \/>\n<meta name=\"twitter:card\" content=\"summary_large_image\" \/>\n<meta name=\"twitter:label1\" content=\"Tiempo de lectura\" \/>\n\t<meta name=\"twitter:data1\" content=\"1 minuto\" \/>\n<script type=\"application\/ld+json\" class=\"yoast-schema-graph\">{\"@context\":\"https:\/\/schema.org\",\"@graph\":[{\"@type\":\"WebPage\",\"@id\":\"https:\/\/www.atuelpasteleria.com\/empresas\/producto\/bandeja-de-bolleria-55-unidades\/\",\"url\":\"https:\/\/www.atuelpasteleria.com\/empresas\/producto\/bandeja-de-bolleria-55-unidades\/\",\"name\":\"BANDEJA DE BOLLER\u00cdA (55 unidades) - Pasteler\u00eda Atuel Empresas\",\"isPartOf\":{\"@id\":\"https:\/\/www.atuelpasteleria.com\/empresas\/#website\"},\"datePublished\":\"2020-03-14T20:08:59+00:00\",\"dateModified\":\"2024-10-22T10:13:36+00:00\",\"breadcrumb\":{\"@id\":\"https:\/\/www.atuelpasteleria.com\/empresas\/producto\/bandeja-de-bolleria-55-unidades\/#breadcrumb\"},\"inLanguage\":\"es\",\"potentialAction\":[{\"@type\":\"ReadAction\",\"target\":[\"https:\/\/www.atuelpasteleria.com\/empresas\/producto\/bandeja-de-bolleria-55-unidades\/\"]}]},{\"@type\":\"BreadcrumbList\",\"@id\":\"https:\/\/www.atuelpasteleria.com\/empresas\/producto\/bandeja-de-bolleria-55-unidades\/#breadcrumb\",\"itemListElement\":[{\"@type\":\"ListItem\",\"position\":1,\"name\":\"Portada\",\"item\":\"https:\/\/www.atuelpasteleria.com\/empresas\/\"},{\"@type\":\"ListItem\",\"position\":2,\"name\":\"Tienda\",\"item\":\"https:\/\/www.atuelpasteleria.com\/empresas\/tienda\/\"},{\"@type\":\"ListItem\",\"position\":3,\"name\":\"BANDEJA DE BOLLER\u00cdA (55 unidades)\"}]},{\"@type\":\"WebSite\",\"@id\":\"https:\/\/www.atuelpasteleria.com\/empresas\/#website\",\"url\":\"https:\/\/www.atuelpasteleria.com\/empresas\/\",\"name\":\"Pasteler\u00eda Atuel Empresas\",\"description\":\"\",\"potentialAction\":[{\"@type\":\"SearchAction\",\"target\":{\"@type\":\"EntryPoint\",\"urlTemplate\":\"https:\/\/www.atuelpasteleria.com\/empresas\/?s={search_term_string}\"},\"query-input\":\"required name=search_term_string\"}],\"inLanguage\":\"es\"}]}<\/script>\n<!-- \/ Yoast SEO plugin. -->","yoast_head_json":{"title":"BANDEJA DE BOLLER\u00cdA (55 unidades) - Pasteler\u00eda Atuel Empresas","robots":{"index":"index","follow":"follow","max-snippet":"max-snippet:-1","max-image-preview":"max-image-preview:large","max-video-preview":"max-video-preview:-1"},"canonical":"https:\/\/www.atuelpasteleria.com\/empresas\/producto\/bandeja-de-bolleria-55-unidades\/","og_locale":"es_ES","og_type":"article","og_title":"BANDEJA DE BOLLER\u00cdA (55 unidades) - Pasteler\u00eda Atuel Empresas","og_description":"Disfruta de nuestra boller\u00eda con esta bandeja cuidadosamente seleccionada por nuestro maestro pastelero. Incluye medialunas de mantequilla y porte\u00f1as, nuestros deliciosos vigilantes, medialunas rellenas de crema, chocolate y dulce de leche y un surtido de bollos. La mejor boller\u00eda elaborada diariamente en nuestro obrador disponible en su oficina. Boller\u00eda: medialunas de mantequilla, porte\u00f1as y vigilantes. [&hellip;]","og_url":"https:\/\/www.atuelpasteleria.com\/empresas\/producto\/bandeja-de-bolleria-55-unidades\/","og_site_name":"Pasteler\u00eda Atuel Empresas","article_modified_time":"2024-10-22T10:13:36+00:00","og_image":[{"width":1920,"height":1280,"url":"https:\/\/www.atuelpasteleria.com\/empresas\/wp-content\/uploads\/2020\/03\/bandeja-bolleria-main-m.jpg","type":"image\/jpeg"}],"twitter_card":"summary_large_image","twitter_misc":{"Tiempo de lectura":"1 minuto"},"schema":{"@context":"https:\/\/schema.org","@graph":[{"@type":"WebPage","@id":"https:\/\/www.atuelpasteleria.com\/empresas\/producto\/bandeja-de-bolleria-55-unidades\/","url":"https:\/\/www.atuelpasteleria.com\/empresas\/producto\/bandeja-de-bolleria-55-unidades\/","name":"BANDEJA DE BOLLER\u00cdA (55 unidades) - Pasteler\u00eda Atuel Empresas","isPartOf":{"@id":"https:\/\/www.atuelpasteleria.com\/empresas\/#website"},"datePublished":"2020-03-14T20:08:59+00:00","dateModified":"2024-10-22T10:13:36+00:00","breadcrumb":{"@id":"https:\/\/www.atuelpasteleria.com\/empresas\/producto\/bandeja-de-bolleria-55-unidades\/#breadcrumb"},"inLanguage":"es","potentialAction":[{"@type":"ReadAction","target":["https:\/\/www.atuelpasteleria.com\/empresas\/producto\/bandeja-de-bolleria-55-unidades\/"]}]},{"@type":"BreadcrumbList","@id":"https:\/\/www.atuelpasteleria.com\/empresas\/producto\/bandeja-de-bolleria-55-unidades\/#breadcrumb","itemListElement":[{"@type":"ListItem","position":1,"name":"Portada","item":"https:\/\/www.atuelpasteleria.com\/empresas\/"},{"@type":"ListItem","position":2,"name":"Tienda","item":"https:\/\/www.atuelpasteleria.com\/empresas\/tienda\/"},{"@type":"ListItem","position":3,"name":"BANDEJA DE BOLLER\u00cdA (55 unidades)"}]},{"@type":"WebSite","@id":"https:\/\/www.atuelpasteleria.com\/empresas\/#website","url":"https:\/\/www.atuelpasteleria.com\/empresas\/","name":"Pasteler\u00eda Atuel Empresas","description":"","potentialAction":[{"@type":"SearchAction","target":{"@type":"EntryPoint","urlTemplate":"https:\/\/www.atuelpasteleria.com\/empresas\/?s={search_term_string}"},"query-input":"required name=search_term_string"}],"inLanguage":"es"}]}},"_links":{"self":[{"href":"https:\/\/www.atuelpasteleria.com\/empresas\/wp-json\/wp\/v2\/product\/317"}],"collection":[{"href":"https:\/\/www.atuelpasteleria.com\/empresas\/wp-json\/wp\/v2\/product"}],"about":[{"href":"https:\/\/www.atuelpasteleria.com\/empresas\/wp-json\/wp\/v2\/types\/product"}],"wp:featuredmedia":[{"embeddable":true,"href":"https:\/\/www.atuelpasteleria.com\/empresas\/wp-json\/wp\/v2\/media\/318"}],"wp:attachment":[{"href":"https:\/\/www.atuelpasteleria.com\/empresas\/wp-json\/wp\/v2\/media?parent=317"}],"wp:term":[{"taxonomy":"product_cat","embeddable":true,"href":"https:\/\/www.atuelpasteleria.com\/empresas\/wp-json\/wp\/v2\/product_cat?post=317"},{"taxonomy":"product_tag","embeddable":true,"href":"https:\/\/www.atuelpasteleria.com\/empresas\/wp-json\/wp\/v2\/product_tag?post=317"}],"curies":[{"name":"wp","href":"https:\/\/api.w.org\/{rel}","templated":true}]}}