{"id":323,"date":"2020-03-14T21:43:05","date_gmt":"2020-03-14T21:43:05","guid":{"rendered":"https:\/\/3devs.es\/empresas\/?post_type=product&#038;p=323"},"modified":"2024-10-22T11:06:48","modified_gmt":"2024-10-22T10:06:48","slug":"lunch-atuel-premium","status":"publish","type":"product","link":"https:\/\/www.atuelpasteleria.com\/empresas\/producto\/lunch-atuel-premium\/","title":{"rendered":"LUNCH ATUEL PREMIUM"},"content":{"rendered":"<p>Con el Lunch Atuel Premium lo tienes todo. Salados para empezar y productos dulces para el postre. El lunch ideal para todos los gustos. Incluye nuestros arrolladitos, leng\u00fcitas y trencitas cl\u00e1sicas acompa\u00f1adas por canap\u00e9s y un surtido de productos dulces.<\/p>\n<p>Arrolladitos de salm\u00f3n y huevo hilado.<\/p>\n<p>Leng\u00fcitas de jam\u00f3n serrano y tomate.<\/p>\n<p>Trencitas de pavo y queso.<\/p>\n<p>Un kilo de canap\u00e9s variados.<\/p>\n<p>Un kilo de dulces surtidos: <span style=\"color: #000000;\"><span style=\"font-family: Calibri, serif;\">palmeritas, palmeritas de chocolate, alfajorcitos tres colores y de maicena y pastas de t\u00e9.<\/span><\/span><\/p>\n<p><b>Pedido m\u00ednimo: 10 comensales<\/b><\/p>\n","protected":false},"excerpt":{"rendered":"<p>Con el Lunch Atuel Premium lo tienes todo. Salados para empezar y productos dulces para el postre. El lunch ideal para todos los gustos. Incluye nuestros arrolladitos, leng\u00fcitas y trencitas cl\u00e1sicas acompa\u00f1adas por canap\u00e9s y un surtido de productos dulces. Arrolladitos de salm\u00f3n y huevo hilado. Leng\u00fcitas de jam\u00f3n serrano y tomate. Trencitas de pavo [&hellip;]<\/p>\n","protected":false},"featured_media":369,"template":"","meta":[],"product_cat":[19],"product_tag":[],"yoast_head":"<!-- This site is optimized with the Yoast SEO plugin v20.0 - https:\/\/yoast.com\/wordpress\/plugins\/seo\/ -->\n<title>LUNCH ATUEL PREMIUM - Pasteler\u00eda Atuel Empresas<\/title>\n<meta name=\"robots\" content=\"index, follow, max-snippet:-1, max-image-preview:large, max-video-preview:-1\" \/>\n<link rel=\"canonical\" href=\"https:\/\/www.atuelpasteleria.com\/empresas\/producto\/lunch-atuel-premium\/\" \/>\n<meta property=\"og:locale\" content=\"es_ES\" \/>\n<meta property=\"og:type\" content=\"article\" \/>\n<meta property=\"og:title\" content=\"LUNCH ATUEL PREMIUM - Pasteler\u00eda Atuel Empresas\" \/>\n<meta property=\"og:description\" content=\"Con el Lunch Atuel Premium lo tienes todo. Salados para empezar y productos dulces para el postre. El lunch ideal para todos los gustos. Incluye nuestros arrolladitos, leng\u00fcitas y trencitas cl\u00e1sicas acompa\u00f1adas por canap\u00e9s y un surtido de productos dulces. Arrolladitos de salm\u00f3n y huevo hilado. Leng\u00fcitas de jam\u00f3n serrano y tomate. Trencitas de pavo [&hellip;]\" \/>\n<meta property=\"og:url\" content=\"https:\/\/www.atuelpasteleria.com\/empresas\/producto\/lunch-atuel-premium\/\" \/>\n<meta property=\"og:site_name\" content=\"Pasteler\u00eda Atuel Empresas\" \/>\n<meta property=\"article:modified_time\" content=\"2024-10-22T10:06:48+00:00\" \/>\n<meta property=\"og:image\" content=\"https:\/\/www.atuelpasteleria.com\/empresas\/wp-content\/uploads\/2020\/03\/lunch-atuel-premium-main-m.jpg\" \/>\n\t<meta property=\"og:image:width\" content=\"1920\" \/>\n\t<meta property=\"og:image:height\" content=\"1232\" \/>\n\t<meta property=\"og:image:type\" content=\"image\/jpeg\" \/>\n<meta name=\"twitter:card\" content=\"summary_large_image\" \/>\n<meta name=\"twitter:label1\" content=\"Tiempo de lectura\" \/>\n\t<meta name=\"twitter:data1\" content=\"1 minuto\" \/>\n<script type=\"application\/ld+json\" class=\"yoast-schema-graph\">{\"@context\":\"https:\/\/schema.org\",\"@graph\":[{\"@type\":\"WebPage\",\"@id\":\"https:\/\/www.atuelpasteleria.com\/empresas\/producto\/lunch-atuel-premium\/\",\"url\":\"https:\/\/www.atuelpasteleria.com\/empresas\/producto\/lunch-atuel-premium\/\",\"name\":\"LUNCH ATUEL PREMIUM - Pasteler\u00eda Atuel Empresas\",\"isPartOf\":{\"@id\":\"https:\/\/www.atuelpasteleria.com\/empresas\/#website\"},\"datePublished\":\"2020-03-14T21:43:05+00:00\",\"dateModified\":\"2024-10-22T10:06:48+00:00\",\"breadcrumb\":{\"@id\":\"https:\/\/www.atuelpasteleria.com\/empresas\/producto\/lunch-atuel-premium\/#breadcrumb\"},\"inLanguage\":\"es\",\"potentialAction\":[{\"@type\":\"ReadAction\",\"target\":[\"https:\/\/www.atuelpasteleria.com\/empresas\/producto\/lunch-atuel-premium\/\"]}]},{\"@type\":\"BreadcrumbList\",\"@id\":\"https:\/\/www.atuelpasteleria.com\/empresas\/producto\/lunch-atuel-premium\/#breadcrumb\",\"itemListElement\":[{\"@type\":\"ListItem\",\"position\":1,\"name\":\"Portada\",\"item\":\"https:\/\/www.atuelpasteleria.com\/empresas\/\"},{\"@type\":\"ListItem\",\"position\":2,\"name\":\"Tienda\",\"item\":\"https:\/\/www.atuelpasteleria.com\/empresas\/tienda\/\"},{\"@type\":\"ListItem\",\"position\":3,\"name\":\"LUNCH ATUEL PREMIUM\"}]},{\"@type\":\"WebSite\",\"@id\":\"https:\/\/www.atuelpasteleria.com\/empresas\/#website\",\"url\":\"https:\/\/www.atuelpasteleria.com\/empresas\/\",\"name\":\"Pasteler\u00eda Atuel Empresas\",\"description\":\"\",\"potentialAction\":[{\"@type\":\"SearchAction\",\"target\":{\"@type\":\"EntryPoint\",\"urlTemplate\":\"https:\/\/www.atuelpasteleria.com\/empresas\/?s={search_term_string}\"},\"query-input\":\"required name=search_term_string\"}],\"inLanguage\":\"es\"}]}<\/script>\n<!-- \/ Yoast SEO plugin. -->","yoast_head_json":{"title":"LUNCH ATUEL PREMIUM - Pasteler\u00eda Atuel Empresas","robots":{"index":"index","follow":"follow","max-snippet":"max-snippet:-1","max-image-preview":"max-image-preview:large","max-video-preview":"max-video-preview:-1"},"canonical":"https:\/\/www.atuelpasteleria.com\/empresas\/producto\/lunch-atuel-premium\/","og_locale":"es_ES","og_type":"article","og_title":"LUNCH ATUEL PREMIUM - Pasteler\u00eda Atuel Empresas","og_description":"Con el Lunch Atuel Premium lo tienes todo. Salados para empezar y productos dulces para el postre. El lunch ideal para todos los gustos. Incluye nuestros arrolladitos, leng\u00fcitas y trencitas cl\u00e1sicas acompa\u00f1adas por canap\u00e9s y un surtido de productos dulces. Arrolladitos de salm\u00f3n y huevo hilado. Leng\u00fcitas de jam\u00f3n serrano y tomate. Trencitas de pavo [&hellip;]","og_url":"https:\/\/www.atuelpasteleria.com\/empresas\/producto\/lunch-atuel-premium\/","og_site_name":"Pasteler\u00eda Atuel Empresas","article_modified_time":"2024-10-22T10:06:48+00:00","og_image":[{"width":1920,"height":1232,"url":"https:\/\/www.atuelpasteleria.com\/empresas\/wp-content\/uploads\/2020\/03\/lunch-atuel-premium-main-m.jpg","type":"image\/jpeg"}],"twitter_card":"summary_large_image","twitter_misc":{"Tiempo de lectura":"1 minuto"},"schema":{"@context":"https:\/\/schema.org","@graph":[{"@type":"WebPage","@id":"https:\/\/www.atuelpasteleria.com\/empresas\/producto\/lunch-atuel-premium\/","url":"https:\/\/www.atuelpasteleria.com\/empresas\/producto\/lunch-atuel-premium\/","name":"LUNCH ATUEL PREMIUM - Pasteler\u00eda Atuel Empresas","isPartOf":{"@id":"https:\/\/www.atuelpasteleria.com\/empresas\/#website"},"datePublished":"2020-03-14T21:43:05+00:00","dateModified":"2024-10-22T10:06:48+00:00","breadcrumb":{"@id":"https:\/\/www.atuelpasteleria.com\/empresas\/producto\/lunch-atuel-premium\/#breadcrumb"},"inLanguage":"es","potentialAction":[{"@type":"ReadAction","target":["https:\/\/www.atuelpasteleria.com\/empresas\/producto\/lunch-atuel-premium\/"]}]},{"@type":"BreadcrumbList","@id":"https:\/\/www.atuelpasteleria.com\/empresas\/producto\/lunch-atuel-premium\/#breadcrumb","itemListElement":[{"@type":"ListItem","position":1,"name":"Portada","item":"https:\/\/www.atuelpasteleria.com\/empresas\/"},{"@type":"ListItem","position":2,"name":"Tienda","item":"https:\/\/www.atuelpasteleria.com\/empresas\/tienda\/"},{"@type":"ListItem","position":3,"name":"LUNCH ATUEL PREMIUM"}]},{"@type":"WebSite","@id":"https:\/\/www.atuelpasteleria.com\/empresas\/#website","url":"https:\/\/www.atuelpasteleria.com\/empresas\/","name":"Pasteler\u00eda Atuel Empresas","description":"","potentialAction":[{"@type":"SearchAction","target":{"@type":"EntryPoint","urlTemplate":"https:\/\/www.atuelpasteleria.com\/empresas\/?s={search_term_string}"},"query-input":"required name=search_term_string"}],"inLanguage":"es"}]}},"_links":{"self":[{"href":"https:\/\/www.atuelpasteleria.com\/empresas\/wp-json\/wp\/v2\/product\/323"}],"collection":[{"href":"https:\/\/www.atuelpasteleria.com\/empresas\/wp-json\/wp\/v2\/product"}],"about":[{"href":"https:\/\/www.atuelpasteleria.com\/empresas\/wp-json\/wp\/v2\/types\/product"}],"wp:featuredmedia":[{"embeddable":true,"href":"https:\/\/www.atuelpasteleria.com\/empresas\/wp-json\/wp\/v2\/media\/369"}],"wp:attachment":[{"href":"https:\/\/www.atuelpasteleria.com\/empresas\/wp-json\/wp\/v2\/media?parent=323"}],"wp:term":[{"taxonomy":"product_cat","embeddable":true,"href":"https:\/\/www.atuelpasteleria.com\/empresas\/wp-json\/wp\/v2\/product_cat?post=323"},{"taxonomy":"product_tag","embeddable":true,"href":"https:\/\/www.atuelpasteleria.com\/empresas\/wp-json\/wp\/v2\/product_tag?post=323"}],"curies":[{"name":"wp","href":"https:\/\/api.w.org\/{rel}","templated":true}]}}